{"id":216,"date":"2022-06-13T21:40:50","date_gmt":"2022-06-13T21:40:50","guid":{"rendered":"http:\/\/verbund-werk.de\/?page_id=216"},"modified":"2022-07-04T06:14:34","modified_gmt":"2022-07-04T06:14:34","slug":"event-werk","status":"publish","type":"page","link":"https:\/\/verbund-werk.de\/index.php\/event-werk\/","title":{"rendered":"EVENT-WERK"},"content":{"rendered":"\t\t<div data-elementor-type=\"wp-page\" data-elementor-id=\"216\" class=\"elementor elementor-216\" data-elementor-post-type=\"page\">\n\t\t\t\t\t\t<section class=\"elementor-section elementor-top-section elementor-element elementor-element-7948ae5 elementor-section-boxed elementor-section-height-default elementor-section-height-default\" data-id=\"7948ae5\" data-element_type=\"section\" data-e-type=\"section\" data-settings=\"{&quot;jet_parallax_layout_list&quot;:[]}\">\n\t\t\t\t\t\t<div class=\"elementor-container elementor-column-gap-default\">\n\t\t\t\t\t<div class=\"elementor-column elementor-col-100 elementor-top-column elementor-element elementor-element-63a2fe4\" data-id=\"63a2fe4\" data-element_type=\"column\" data-e-type=\"column\">\n\t\t\t<div class=\"elementor-widget-wrap elementor-element-populated\">\n\t\t\t\t\t\t<div class=\"elementor-element elementor-element-19b95e0 elementor-widget elementor-widget-spacer\" data-id=\"19b95e0\" data-element_type=\"widget\" data-e-type=\"widget\" data-widget_type=\"spacer.default\">\n\t\t\t\t<div class=\"elementor-widget-container\">\n\t\t\t\t\t\t\t<div class=\"elementor-spacer\">\n\t\t\t<div class=\"elementor-spacer-inner\"><\/div>\n\t\t<\/div>\n\t\t\t\t\t\t<\/div>\n\t\t\t\t<\/div>\n\t\t\t\t\t<\/div>\n\t\t<\/div>\n\t\t\t\t\t<\/div>\n\t\t<\/section>\n\t\t\t\t<section class=\"elementor-section elementor-top-section elementor-element elementor-element-737ffbf elementor-section-stretched elementor-section-boxed elementor-section-height-default elementor-section-height-default\" data-id=\"737ffbf\" data-element_type=\"section\" data-e-type=\"section\" data-settings=\"{&quot;stretch_section&quot;:&quot;section-stretched&quot;,&quot;jet_parallax_layout_list&quot;:[],&quot;background_background&quot;:&quot;classic&quot;}\">\n\t\t\t\t\t\t<div class=\"elementor-container elementor-column-gap-default\">\n\t\t\t\t\t<div class=\"elementor-column elementor-col-100 elementor-top-column elementor-element elementor-element-873d68c\" data-id=\"873d68c\" data-element_type=\"column\" data-e-type=\"column\">\n\t\t\t<div class=\"elementor-widget-wrap elementor-element-populated\">\n\t\t\t\t\t\t<div class=\"elementor-element elementor-element-8f4f10b elementor-widget elementor-widget-text-editor\" data-id=\"8f4f10b\" data-element_type=\"widget\" data-e-type=\"widget\" data-widget_type=\"text-editor.default\">\n\t\t\t\t<div class=\"elementor-widget-container\">\n\t\t\t\t\t\t\t\t\t<p>Event &#8211; WER<span style=\"color: #c3091a;\">K.<\/span><\/p>\t\t\t\t\t\t\t\t<\/div>\n\t\t\t\t<\/div>\n\t\t\t\t<div class=\"elementor-element elementor-element-43ebe8b elementor-widget elementor-widget-heading\" data-id=\"43ebe8b\" data-element_type=\"widget\" data-e-type=\"widget\" data-widget_type=\"heading.default\">\n\t\t\t\t<div class=\"elementor-widget-container\">\n\t\t\t\t\t<h2 class=\"elementor-heading-title elementor-size-default\">Der Individuelle Rahmen f\u00fcr Ihre besonderen Momente.<\/h2>\t\t\t\t<\/div>\n\t\t\t\t<\/div>\n\t\t\t\t\t<\/div>\n\t\t<\/div>\n\t\t\t\t\t<\/div>\n\t\t<\/section>\n\t\t\t\t<section class=\"elementor-section elementor-top-section elementor-element elementor-element-3ac1172 elementor-section-boxed elementor-section-height-default elementor-section-height-default\" data-id=\"3ac1172\" data-element_type=\"section\" data-e-type=\"section\" data-settings=\"{&quot;jet_parallax_layout_list&quot;:[]}\">\n\t\t\t\t\t\t<div class=\"elementor-container elementor-column-gap-default\">\n\t\t\t\t\t<div class=\"elementor-column elementor-col-20 elementor-top-column elementor-element elementor-element-3f1e8bf\" data-id=\"3f1e8bf\" data-element_type=\"column\" data-e-type=\"column\">\n\t\t\t<div class=\"elementor-widget-wrap elementor-element-populated\">\n\t\t\t\t\t\t<div class=\"elementor-element elementor-element-7d8ceda elementor-invisible elementor-widget elementor-widget-jet-headline\" data-id=\"7d8ceda\" data-element_type=\"widget\" data-e-type=\"widget\" data-settings=\"{&quot;_animation&quot;:&quot;fadeInUp&quot;}\" data-widget_type=\"jet-headline.default\">\n\t\t\t\t<div class=\"elementor-widget-container\">\n\t\t\t\t\t<h2 class=\"jet-headline jet-headline--direction-horizontal\"><span class=\"jet-headline__part jet-headline__first\"><span class=\"jet-headline__label\">EVENT<\/span><\/span><span class=\"jet-headline__space\">&nbsp;<\/span><span class=\"jet-headline__part jet-headline__second\"><span class=\"jet-headline__label\">Beratung<\/span><\/span><\/h2>\t\t\t\t<\/div>\n\t\t\t\t<\/div>\n\t\t\t\t\t<\/div>\n\t\t<\/div>\n\t\t\t\t<div class=\"elementor-column elementor-col-20 elementor-top-column elementor-element elementor-element-2c027c5\" data-id=\"2c027c5\" data-element_type=\"column\" data-e-type=\"column\">\n\t\t\t<div class=\"elementor-widget-wrap\">\n\t\t\t\t\t\t\t<\/div>\n\t\t<\/div>\n\t\t\t\t<div class=\"elementor-column elementor-col-20 elementor-top-column elementor-element elementor-element-ba1eeb5\" data-id=\"ba1eeb5\" data-element_type=\"column\" data-e-type=\"column\">\n\t\t\t<div class=\"elementor-widget-wrap elementor-element-populated\">\n\t\t\t\t\t\t<div class=\"elementor-element elementor-element-885907d elementor-invisible elementor-widget elementor-widget-jet-headline\" data-id=\"885907d\" data-element_type=\"widget\" data-e-type=\"widget\" data-settings=\"{&quot;_animation&quot;:&quot;fadeInUp&quot;,&quot;_animation_delay&quot;:300}\" data-widget_type=\"jet-headline.default\">\n\t\t\t\t<div class=\"elementor-widget-container\">\n\t\t\t\t\t<h2 class=\"jet-headline jet-headline--direction-horizontal\"><span class=\"jet-headline__part jet-headline__first\"><span class=\"jet-headline__label\">EVENT<\/span><\/span><span class=\"jet-headline__space\">&nbsp;<\/span><span class=\"jet-headline__part jet-headline__second\"><span class=\"jet-headline__label\">Organisation<\/span><\/span><\/h2>\t\t\t\t<\/div>\n\t\t\t\t<\/div>\n\t\t\t\t\t<\/div>\n\t\t<\/div>\n\t\t\t\t<div class=\"elementor-column elementor-col-20 elementor-top-column elementor-element elementor-element-962bfe0\" data-id=\"962bfe0\" data-element_type=\"column\" data-e-type=\"column\">\n\t\t\t<div class=\"elementor-widget-wrap\">\n\t\t\t\t\t\t\t<\/div>\n\t\t<\/div>\n\t\t\t\t<div class=\"elementor-column elementor-col-20 elementor-top-column elementor-element elementor-element-7ba650a\" data-id=\"7ba650a\" data-element_type=\"column\" data-e-type=\"column\">\n\t\t\t<div class=\"elementor-widget-wrap elementor-element-populated\">\n\t\t\t\t\t\t<div class=\"elementor-element elementor-element-3c5c916 elementor-invisible elementor-widget elementor-widget-jet-headline\" data-id=\"3c5c916\" data-element_type=\"widget\" data-e-type=\"widget\" data-settings=\"{&quot;_animation&quot;:&quot;fadeInUp&quot;,&quot;_animation_delay&quot;:600}\" data-widget_type=\"jet-headline.default\">\n\t\t\t\t<div class=\"elementor-widget-container\">\n\t\t\t\t\t<h2 class=\"jet-headline jet-headline--direction-horizontal\"><span class=\"jet-headline__part jet-headline__first\"><span class=\"jet-headline__label\">EVENT<\/span><\/span><span class=\"jet-headline__space\">&nbsp;<\/span><span class=\"jet-headline__part jet-headline__second\"><span class=\"jet-headline__label\">Durchf\u00fchrung<\/span><\/span><\/h2>\t\t\t\t<\/div>\n\t\t\t\t<\/div>\n\t\t\t\t\t<\/div>\n\t\t<\/div>\n\t\t\t\t\t<\/div>\n\t\t<\/section>\n\t\t\t\t<section class=\"elementor-section elementor-top-section elementor-element elementor-element-19c3668 elementor-section-boxed elementor-section-height-default elementor-section-height-default\" data-id=\"19c3668\" data-element_type=\"section\" data-e-type=\"section\" data-settings=\"{&quot;jet_parallax_layout_list&quot;:[]}\">\n\t\t\t\t\t\t<div class=\"elementor-container elementor-column-gap-default\">\n\t\t\t\t\t<div class=\"elementor-column elementor-col-20 elementor-top-column elementor-element elementor-element-dbc5afe\" data-id=\"dbc5afe\" data-element_type=\"column\" data-e-type=\"column\">\n\t\t\t<div class=\"elementor-widget-wrap\">\n\t\t\t\t\t\t\t<\/div>\n\t\t<\/div>\n\t\t\t\t<div class=\"elementor-column elementor-col-20 elementor-top-column elementor-element elementor-element-f697915\" data-id=\"f697915\" data-element_type=\"column\" data-e-type=\"column\">\n\t\t\t<div class=\"elementor-widget-wrap elementor-element-populated\">\n\t\t\t\t\t\t<div class=\"elementor-element elementor-element-e989033 elementor-invisible elementor-widget elementor-widget-jet-headline\" data-id=\"e989033\" data-element_type=\"widget\" data-e-type=\"widget\" data-settings=\"{&quot;_animation&quot;:&quot;fadeInUp&quot;,&quot;_animation_delay&quot;:150}\" data-widget_type=\"jet-headline.default\">\n\t\t\t\t<div class=\"elementor-widget-container\">\n\t\t\t\t\t<h2 class=\"jet-headline jet-headline--direction-horizontal\"><span class=\"jet-headline__part jet-headline__first\"><span class=\"jet-headline__label\">EVENT<\/span><\/span><span class=\"jet-headline__space\">&nbsp;<\/span><span class=\"jet-headline__part jet-headline__second\"><span class=\"jet-headline__label\">Entwicklung<\/span><\/span><\/h2>\t\t\t\t<\/div>\n\t\t\t\t<\/div>\n\t\t\t\t\t<\/div>\n\t\t<\/div>\n\t\t\t\t<div class=\"elementor-column elementor-col-20 elementor-top-column elementor-element elementor-element-c1a773b\" data-id=\"c1a773b\" data-element_type=\"column\" data-e-type=\"column\">\n\t\t\t<div class=\"elementor-widget-wrap\">\n\t\t\t\t\t\t\t<\/div>\n\t\t<\/div>\n\t\t\t\t<div class=\"elementor-column elementor-col-20 elementor-top-column elementor-element elementor-element-eb129c2\" data-id=\"eb129c2\" data-element_type=\"column\" data-e-type=\"column\">\n\t\t\t<div class=\"elementor-widget-wrap elementor-element-populated\">\n\t\t\t\t\t\t<div class=\"elementor-element elementor-element-ce10383 elementor-invisible elementor-widget elementor-widget-jet-headline\" data-id=\"ce10383\" data-element_type=\"widget\" data-e-type=\"widget\" data-settings=\"{&quot;_animation&quot;:&quot;fadeInUp&quot;,&quot;_animation_delay&quot;:450}\" data-widget_type=\"jet-headline.default\">\n\t\t\t\t<div class=\"elementor-widget-container\">\n\t\t\t\t\t<h2 class=\"jet-headline jet-headline--direction-horizontal\"><span class=\"jet-headline__part jet-headline__first\"><span class=\"jet-headline__label\">EVENT<\/span><\/span><span class=\"jet-headline__space\">&nbsp;<\/span><span class=\"jet-headline__part jet-headline__second\"><span class=\"jet-headline__label\">Umsetzung<\/span><\/span><\/h2>\t\t\t\t<\/div>\n\t\t\t\t<\/div>\n\t\t\t\t\t<\/div>\n\t\t<\/div>\n\t\t\t\t<div class=\"elementor-column elementor-col-20 elementor-top-column elementor-element elementor-element-34a3442\" data-id=\"34a3442\" data-element_type=\"column\" data-e-type=\"column\">\n\t\t\t<div class=\"elementor-widget-wrap\">\n\t\t\t\t\t\t\t<\/div>\n\t\t<\/div>\n\t\t\t\t\t<\/div>\n\t\t<\/section>\n\t\t\t\t<section class=\"elementor-section elementor-top-section elementor-element elementor-element-6e8d447 elementor-section-boxed elementor-section-height-default elementor-section-height-default\" data-id=\"6e8d447\" data-element_type=\"section\" data-e-type=\"section\" data-settings=\"{&quot;jet_parallax_layout_list&quot;:[]}\">\n\t\t\t\t\t\t<div class=\"elementor-container elementor-column-gap-default\">\n\t\t\t\t\t<div class=\"elementor-column elementor-col-100 elementor-top-column elementor-element elementor-element-9e760fc\" data-id=\"9e760fc\" data-element_type=\"column\" data-e-type=\"column\">\n\t\t\t<div class=\"elementor-widget-wrap elementor-element-populated\">\n\t\t\t\t\t\t<div class=\"elementor-element elementor-element-35a6fb8 elementor-invisible elementor-widget elementor-widget-text-editor\" data-id=\"35a6fb8\" data-element_type=\"widget\" data-e-type=\"widget\" data-settings=\"{&quot;_animation&quot;:&quot;fadeInLeft&quot;}\" data-widget_type=\"text-editor.default\">\n\t\t\t\t<div class=\"elementor-widget-container\">\n\t\t\t\t\t\t\t\t\t<p>von eigenen Events und als Dienstleistung.<\/p>\t\t\t\t\t\t\t\t<\/div>\n\t\t\t\t<\/div>\n\t\t\t\t\t<\/div>\n\t\t<\/div>\n\t\t\t\t\t<\/div>\n\t\t<\/section>\n\t\t\t\t<section class=\"elementor-section elementor-top-section elementor-element elementor-element-6f1effe elementor-section-boxed elementor-section-height-default elementor-section-height-default\" data-id=\"6f1effe\" data-element_type=\"section\" data-e-type=\"section\" data-settings=\"{&quot;jet_parallax_layout_list&quot;:[]}\">\n\t\t\t\t\t\t<div class=\"elementor-container elementor-column-gap-default\">\n\t\t\t\t\t<div class=\"elementor-column elementor-col-100 elementor-top-column elementor-element elementor-element-42d3609\" data-id=\"42d3609\" data-element_type=\"column\" data-e-type=\"column\">\n\t\t\t<div class=\"elementor-widget-wrap elementor-element-populated\">\n\t\t\t\t\t\t<div class=\"elementor-element elementor-element-ee03850 elementor-invisible elementor-widget elementor-widget-text-editor\" data-id=\"ee03850\" data-element_type=\"widget\" data-e-type=\"widget\" data-settings=\"{&quot;_animation&quot;:&quot;fadeInRight&quot;}\" data-widget_type=\"text-editor.default\">\n\t\t\t\t<div class=\"elementor-widget-container\">\n\t\t\t\t\t\t\t\t\t<p>Gerne bringe ich f\u00fcr Sie meine langj\u00e4hrigen Erfahrungen im Bereich von Gro\u00dfveranstaltungen &#8211; Kundenveranstaltungen, Ausstellungen, Historische Jahrm\u00e4rkte, Weihnachtsm\u00e4rkte &#8211;\u00a0 f\u00fcr Ihr Event ein.<\/p>\t\t\t\t\t\t\t\t<\/div>\n\t\t\t\t<\/div>\n\t\t\t\t\t<\/div>\n\t\t<\/div>\n\t\t\t\t\t<\/div>\n\t\t<\/section>\n\t\t\t\t<section class=\"elementor-section elementor-top-section elementor-element elementor-element-d5dcab2 elementor-section-boxed elementor-section-height-default elementor-section-height-default\" data-id=\"d5dcab2\" data-element_type=\"section\" data-e-type=\"section\" data-settings=\"{&quot;jet_parallax_layout_list&quot;:[]}\">\n\t\t\t\t\t\t<div class=\"elementor-container elementor-column-gap-default\">\n\t\t\t\t\t<div class=\"elementor-column elementor-col-100 elementor-top-column elementor-element elementor-element-dd39da1\" data-id=\"dd39da1\" data-element_type=\"column\" data-e-type=\"column\">\n\t\t\t<div class=\"elementor-widget-wrap\">\n\t\t\t\t\t\t\t<\/div>\n\t\t<\/div>\n\t\t\t\t\t<\/div>\n\t\t<\/section>\n\t\t\t\t<\/div>\n\t\t","protected":false},"excerpt":{"rendered":"<p>Event &#8211; WERK. Der Individuelle Rahmen f\u00fcr Ihre besonderen Momente. EVENT&nbsp;Beratung EVENT&nbsp;Organisation EVENT&nbsp;Durchf\u00fchrung EVENT&nbsp;Entwicklung EVENT&nbsp;Umsetzung von eigenen Events und als Dienstleistung. Gerne bringe ich f\u00fcr Sie meine langj\u00e4hrigen Erfahrungen im Bereich von Gro\u00dfveranstaltungen &#8211; Kundenveranstaltungen, Ausstellungen, Historische Jahrm\u00e4rkte, Weihnachtsm\u00e4rkte &#8211;\u00a0 f\u00fcr Ihr Event ein.<\/p>\n","protected":false},"author":1,"featured_media":855,"parent":0,"menu_order":0,"comment_status":"closed","ping_status":"closed","template":"","meta":{"footnotes":""},"class_list":["post-216","page","type-page","status-publish","has-post-thumbnail","hentry"],"yoast_head":"<!-- This site is optimized with the Yoast SEO plugin v26.9 - https:\/\/yoast.com\/product\/yoast-seo-wordpress\/ -->\n<title>EVENT-WERK &#187; Verbundwerk.<\/title>\n<meta name=\"description\" content=\"Gerne bringe ich f\u00fcr Sie meine langj\u00e4hrigen Erfahrungen im Bereich von Gro\u00dfveranstaltungen wie Kundenveranstaltungen, Ausstellungen ...\" \/>\n<meta name=\"robots\" content=\"index, follow, max-snippet:-1, max-image-preview:large, max-video-preview:-1\" \/>\n<link rel=\"canonical\" href=\"https:\/\/verbund-werk.de\/index.php\/event-werk\/\" \/>\n<meta property=\"og:locale\" content=\"de_DE\" \/>\n<meta property=\"og:type\" content=\"article\" \/>\n<meta property=\"og:title\" content=\"EVENT-WERK &#187; Verbundwerk.\" \/>\n<meta property=\"og:description\" content=\"Gerne bringe ich f\u00fcr Sie meine langj\u00e4hrigen Erfahrungen im Bereich von Gro\u00dfveranstaltungen wie Kundenveranstaltungen, Ausstellungen ...\" \/>\n<meta property=\"og:url\" content=\"https:\/\/verbund-werk.de\/index.php\/event-werk\/\" \/>\n<meta property=\"og:site_name\" content=\"Verbundwerk.\" \/>\n<meta property=\"article:modified_time\" content=\"2022-07-04T06:14:34+00:00\" \/>\n<meta property=\"og:image\" content=\"https:\/\/verbund-werk.de\/wp-content\/uploads\/2022\/06\/2022_BILD_Eventwerk.jpg\" \/>\n\t<meta property=\"og:image:width\" content=\"1980\" \/>\n\t<meta property=\"og:image:height\" content=\"900\" \/>\n\t<meta property=\"og:image:type\" content=\"image\/jpeg\" \/>\n<meta name=\"twitter:card\" content=\"summary_large_image\" \/>\n<meta name=\"twitter:label1\" content=\"Gesch\u00e4tzte Lesezeit\" \/>\n\t<meta name=\"twitter:data1\" content=\"1\u00a0Minute\" \/>\n<script type=\"application\/ld+json\" class=\"yoast-schema-graph\">{\"@context\":\"https:\/\/schema.org\",\"@graph\":[{\"@type\":\"WebPage\",\"@id\":\"https:\/\/verbund-werk.de\/index.php\/event-werk\/\",\"url\":\"https:\/\/verbund-werk.de\/index.php\/event-werk\/\",\"name\":\"EVENT-WERK &#187; Verbundwerk.\",\"isPartOf\":{\"@id\":\"https:\/\/verbund-werk.de\/#website\"},\"primaryImageOfPage\":{\"@id\":\"https:\/\/verbund-werk.de\/index.php\/event-werk\/#primaryimage\"},\"image\":{\"@id\":\"https:\/\/verbund-werk.de\/index.php\/event-werk\/#primaryimage\"},\"thumbnailUrl\":\"https:\/\/verbund-werk.de\/wp-content\/uploads\/2022\/06\/2022_BILD_Eventwerk.jpg\",\"datePublished\":\"2022-06-13T21:40:50+00:00\",\"dateModified\":\"2022-07-04T06:14:34+00:00\",\"description\":\"Gerne bringe ich f\u00fcr Sie meine langj\u00e4hrigen Erfahrungen im Bereich von Gro\u00dfveranstaltungen wie Kundenveranstaltungen, Ausstellungen ...\",\"breadcrumb\":{\"@id\":\"https:\/\/verbund-werk.de\/index.php\/event-werk\/#breadcrumb\"},\"inLanguage\":\"de\",\"potentialAction\":[{\"@type\":\"ReadAction\",\"target\":[\"https:\/\/verbund-werk.de\/index.php\/event-werk\/\"]}]},{\"@type\":\"ImageObject\",\"inLanguage\":\"de\",\"@id\":\"https:\/\/verbund-werk.de\/index.php\/event-werk\/#primaryimage\",\"url\":\"https:\/\/verbund-werk.de\/wp-content\/uploads\/2022\/06\/2022_BILD_Eventwerk.jpg\",\"contentUrl\":\"https:\/\/verbund-werk.de\/wp-content\/uploads\/2022\/06\/2022_BILD_Eventwerk.jpg\",\"width\":1980,\"height\":900},{\"@type\":\"BreadcrumbList\",\"@id\":\"https:\/\/verbund-werk.de\/index.php\/event-werk\/#breadcrumb\",\"itemListElement\":[{\"@type\":\"ListItem\",\"position\":1,\"name\":\"Startseite\",\"item\":\"https:\/\/verbund-werk.de\/\"},{\"@type\":\"ListItem\",\"position\":2,\"name\":\"EVENT-WERK\"}]},{\"@type\":\"WebSite\",\"@id\":\"https:\/\/verbund-werk.de\/#website\",\"url\":\"https:\/\/verbund-werk.de\/\",\"name\":\"Verbundwerk.\",\"description\":\"\",\"publisher\":{\"@id\":\"https:\/\/verbund-werk.de\/#organization\"},\"potentialAction\":[{\"@type\":\"SearchAction\",\"target\":{\"@type\":\"EntryPoint\",\"urlTemplate\":\"https:\/\/verbund-werk.de\/?s={search_term_string}\"},\"query-input\":{\"@type\":\"PropertyValueSpecification\",\"valueRequired\":true,\"valueName\":\"search_term_string\"}}],\"inLanguage\":\"de\"},{\"@type\":\"Organization\",\"@id\":\"https:\/\/verbund-werk.de\/#organization\",\"name\":\"VERBUNDWERK.\",\"url\":\"https:\/\/verbund-werk.de\/\",\"logo\":{\"@type\":\"ImageObject\",\"inLanguage\":\"de\",\"@id\":\"https:\/\/verbund-werk.de\/#\/schema\/logo\/image\/\",\"url\":\"http:\/\/verbund-werk.de\/wp-content\/uploads\/2022\/06\/2022_Logo_2000px.png\",\"contentUrl\":\"http:\/\/verbund-werk.de\/wp-content\/uploads\/2022\/06\/2022_Logo_2000px.png\",\"width\":2000,\"height\":292,\"caption\":\"VERBUNDWERK.\"},\"image\":{\"@id\":\"https:\/\/verbund-werk.de\/#\/schema\/logo\/image\/\"}}]}<\/script>\n<!-- \/ Yoast SEO plugin. -->","yoast_head_json":{"title":"EVENT-WERK &#187; Verbundwerk.","description":"Gerne bringe ich f\u00fcr Sie meine langj\u00e4hrigen Erfahrungen im Bereich von Gro\u00dfveranstaltungen wie Kundenveranstaltungen, Ausstellungen ...","robots":{"index":"index","follow":"follow","max-snippet":"max-snippet:-1","max-image-preview":"max-image-preview:large","max-video-preview":"max-video-preview:-1"},"canonical":"https:\/\/verbund-werk.de\/index.php\/event-werk\/","og_locale":"de_DE","og_type":"article","og_title":"EVENT-WERK &#187; Verbundwerk.","og_description":"Gerne bringe ich f\u00fcr Sie meine langj\u00e4hrigen Erfahrungen im Bereich von Gro\u00dfveranstaltungen wie Kundenveranstaltungen, Ausstellungen ...","og_url":"https:\/\/verbund-werk.de\/index.php\/event-werk\/","og_site_name":"Verbundwerk.","article_modified_time":"2022-07-04T06:14:34+00:00","og_image":[{"width":1980,"height":900,"url":"https:\/\/verbund-werk.de\/wp-content\/uploads\/2022\/06\/2022_BILD_Eventwerk.jpg","type":"image\/jpeg"}],"twitter_card":"summary_large_image","twitter_misc":{"Gesch\u00e4tzte Lesezeit":"1\u00a0Minute"},"schema":{"@context":"https:\/\/schema.org","@graph":[{"@type":"WebPage","@id":"https:\/\/verbund-werk.de\/index.php\/event-werk\/","url":"https:\/\/verbund-werk.de\/index.php\/event-werk\/","name":"EVENT-WERK &#187; Verbundwerk.","isPartOf":{"@id":"https:\/\/verbund-werk.de\/#website"},"primaryImageOfPage":{"@id":"https:\/\/verbund-werk.de\/index.php\/event-werk\/#primaryimage"},"image":{"@id":"https:\/\/verbund-werk.de\/index.php\/event-werk\/#primaryimage"},"thumbnailUrl":"https:\/\/verbund-werk.de\/wp-content\/uploads\/2022\/06\/2022_BILD_Eventwerk.jpg","datePublished":"2022-06-13T21:40:50+00:00","dateModified":"2022-07-04T06:14:34+00:00","description":"Gerne bringe ich f\u00fcr Sie meine langj\u00e4hrigen Erfahrungen im Bereich von Gro\u00dfveranstaltungen wie Kundenveranstaltungen, Ausstellungen ...","breadcrumb":{"@id":"https:\/\/verbund-werk.de\/index.php\/event-werk\/#breadcrumb"},"inLanguage":"de","potentialAction":[{"@type":"ReadAction","target":["https:\/\/verbund-werk.de\/index.php\/event-werk\/"]}]},{"@type":"ImageObject","inLanguage":"de","@id":"https:\/\/verbund-werk.de\/index.php\/event-werk\/#primaryimage","url":"https:\/\/verbund-werk.de\/wp-content\/uploads\/2022\/06\/2022_BILD_Eventwerk.jpg","contentUrl":"https:\/\/verbund-werk.de\/wp-content\/uploads\/2022\/06\/2022_BILD_Eventwerk.jpg","width":1980,"height":900},{"@type":"BreadcrumbList","@id":"https:\/\/verbund-werk.de\/index.php\/event-werk\/#breadcrumb","itemListElement":[{"@type":"ListItem","position":1,"name":"Startseite","item":"https:\/\/verbund-werk.de\/"},{"@type":"ListItem","position":2,"name":"EVENT-WERK"}]},{"@type":"WebSite","@id":"https:\/\/verbund-werk.de\/#website","url":"https:\/\/verbund-werk.de\/","name":"Verbundwerk.","description":"","publisher":{"@id":"https:\/\/verbund-werk.de\/#organization"},"potentialAction":[{"@type":"SearchAction","target":{"@type":"EntryPoint","urlTemplate":"https:\/\/verbund-werk.de\/?s={search_term_string}"},"query-input":{"@type":"PropertyValueSpecification","valueRequired":true,"valueName":"search_term_string"}}],"inLanguage":"de"},{"@type":"Organization","@id":"https:\/\/verbund-werk.de\/#organization","name":"VERBUNDWERK.","url":"https:\/\/verbund-werk.de\/","logo":{"@type":"ImageObject","inLanguage":"de","@id":"https:\/\/verbund-werk.de\/#\/schema\/logo\/image\/","url":"http:\/\/verbund-werk.de\/wp-content\/uploads\/2022\/06\/2022_Logo_2000px.png","contentUrl":"http:\/\/verbund-werk.de\/wp-content\/uploads\/2022\/06\/2022_Logo_2000px.png","width":2000,"height":292,"caption":"VERBUNDWERK."},"image":{"@id":"https:\/\/verbund-werk.de\/#\/schema\/logo\/image\/"}}]}},"_links":{"self":[{"href":"https:\/\/verbund-werk.de\/index.php\/wp-json\/wp\/v2\/pages\/216","targetHints":{"allow":["GET"]}}],"collection":[{"href":"https:\/\/verbund-werk.de\/index.php\/wp-json\/wp\/v2\/pages"}],"about":[{"href":"https:\/\/verbund-werk.de\/index.php\/wp-json\/wp\/v2\/types\/page"}],"author":[{"embeddable":true,"href":"https:\/\/verbund-werk.de\/index.php\/wp-json\/wp\/v2\/users\/1"}],"replies":[{"embeddable":true,"href":"https:\/\/verbund-werk.de\/index.php\/wp-json\/wp\/v2\/comments?post=216"}],"version-history":[{"count":36,"href":"https:\/\/verbund-werk.de\/index.php\/wp-json\/wp\/v2\/pages\/216\/revisions"}],"predecessor-version":[{"id":1119,"href":"https:\/\/verbund-werk.de\/index.php\/wp-json\/wp\/v2\/pages\/216\/revisions\/1119"}],"wp:featuredmedia":[{"embeddable":true,"href":"https:\/\/verbund-werk.de\/index.php\/wp-json\/wp\/v2\/media\/855"}],"wp:attachment":[{"href":"https:\/\/verbund-werk.de\/index.php\/wp-json\/wp\/v2\/media?parent=216"}],"curies":[{"name":"wp","href":"https:\/\/api.w.org\/{rel}","templated":true}]}}