{"id":196,"date":"2022-06-13T21:21:43","date_gmt":"2022-06-13T21:21:43","guid":{"rendered":"http:\/\/verbund-werk.de\/?page_id=196"},"modified":"2022-07-01T08:07:44","modified_gmt":"2022-07-01T08:07:44","slug":"firmenphilosophie","status":"publish","type":"page","link":"https:\/\/verbund-werk.de\/index.php\/firmenphilosophie\/","title":{"rendered":"FIRMENPHILOSOPHIE"},"content":{"rendered":"\t\t<div data-elementor-type=\"wp-page\" data-elementor-id=\"196\" class=\"elementor elementor-196\" data-elementor-post-type=\"page\">\n\t\t\t\t\t\t<section class=\"elementor-section elementor-top-section elementor-element elementor-element-dff9f40 elementor-section-boxed elementor-section-height-default elementor-section-height-default\" data-id=\"dff9f40\" data-element_type=\"section\" data-e-type=\"section\" data-settings=\"{&quot;jet_parallax_layout_list&quot;:[]}\">\n\t\t\t\t\t\t<div class=\"elementor-container elementor-column-gap-default\">\n\t\t\t\t\t<div class=\"elementor-column elementor-col-100 elementor-top-column elementor-element elementor-element-bd4de7e\" data-id=\"bd4de7e\" data-element_type=\"column\" data-e-type=\"column\">\n\t\t\t<div class=\"elementor-widget-wrap elementor-element-populated\">\n\t\t\t\t\t\t<div class=\"elementor-element elementor-element-25ece88 elementor-widget elementor-widget-spacer\" data-id=\"25ece88\" data-element_type=\"widget\" data-e-type=\"widget\" data-widget_type=\"spacer.default\">\n\t\t\t\t<div class=\"elementor-widget-container\">\n\t\t\t\t\t\t\t<div class=\"elementor-spacer\">\n\t\t\t<div class=\"elementor-spacer-inner\"><\/div>\n\t\t<\/div>\n\t\t\t\t\t\t<\/div>\n\t\t\t\t<\/div>\n\t\t\t\t\t<\/div>\n\t\t<\/div>\n\t\t\t\t\t<\/div>\n\t\t<\/section>\n\t\t\t\t<section class=\"elementor-section elementor-top-section elementor-element elementor-element-f932317 elementor-section-stretched elementor-section-boxed elementor-section-height-default elementor-section-height-default elementor-invisible\" data-id=\"f932317\" data-element_type=\"section\" data-e-type=\"section\" data-settings=\"{&quot;stretch_section&quot;:&quot;section-stretched&quot;,&quot;jet_parallax_layout_list&quot;:[],&quot;background_background&quot;:&quot;classic&quot;,&quot;animation&quot;:&quot;fadeInUp&quot;}\">\n\t\t\t\t\t\t<div class=\"elementor-container elementor-column-gap-default\">\n\t\t\t\t\t<div class=\"elementor-column elementor-col-100 elementor-top-column elementor-element elementor-element-a6d168c\" data-id=\"a6d168c\" data-element_type=\"column\" data-e-type=\"column\">\n\t\t\t<div class=\"elementor-widget-wrap elementor-element-populated\">\n\t\t\t\t\t\t<div class=\"elementor-element elementor-element-cab27cb elementor-widget elementor-widget-jet-headline\" data-id=\"cab27cb\" data-element_type=\"widget\" data-e-type=\"widget\" data-widget_type=\"jet-headline.default\">\n\t\t\t\t<div class=\"elementor-widget-container\">\n\t\t\t\t\t<h2 class=\"jet-headline jet-headline--direction-horizontal\"><span class=\"jet-headline__part jet-headline__first\"><span class=\"jet-headline__label\">FIRMEN<\/span><\/span><span class=\"jet-headline__space\">&nbsp;<\/span><span class=\"jet-headline__part jet-headline__second\"><span class=\"jet-headline__label\">PHILOSOPHIE<\/span><\/span><\/h2>\t\t\t\t<\/div>\n\t\t\t\t<\/div>\n\t\t\t\t<div class=\"elementor-element elementor-element-4ff73d1 elementor-widget elementor-widget-heading\" data-id=\"4ff73d1\" data-element_type=\"widget\" data-e-type=\"widget\" data-widget_type=\"heading.default\">\n\t\t\t\t<div class=\"elementor-widget-container\">\n\t\t\t\t\t<h2 class=\"elementor-heading-title elementor-size-default\">Das angestrebte Ziel ist die Perfektion. Dies ist mein Anspruch.<\/h2>\t\t\t\t<\/div>\n\t\t\t\t<\/div>\n\t\t\t\t\t<\/div>\n\t\t<\/div>\n\t\t\t\t\t<\/div>\n\t\t<\/section>\n\t\t\t\t<section class=\"elementor-section elementor-top-section elementor-element elementor-element-aa1500d elementor-section-stretched elementor-section-boxed elementor-section-height-default elementor-section-height-default\" data-id=\"aa1500d\" data-element_type=\"section\" data-e-type=\"section\" data-settings=\"{&quot;jet_parallax_layout_list&quot;:[],&quot;stretch_section&quot;:&quot;section-stretched&quot;}\">\n\t\t\t\t\t\t<div class=\"elementor-container elementor-column-gap-default\">\n\t\t\t\t\t<div class=\"elementor-column elementor-col-100 elementor-top-column elementor-element elementor-element-616866c\" data-id=\"616866c\" data-element_type=\"column\" data-e-type=\"column\">\n\t\t\t<div class=\"elementor-widget-wrap elementor-element-populated\">\n\t\t\t\t\t\t<div class=\"elementor-element elementor-element-efa40c4 elementor-invisible elementor-widget elementor-widget-text-editor\" data-id=\"efa40c4\" data-element_type=\"widget\" data-e-type=\"widget\" data-settings=\"{&quot;_animation&quot;:&quot;fadeInLeft&quot;}\" data-widget_type=\"text-editor.default\">\n\t\t\t\t<div class=\"elementor-widget-container\">\n\t\t\t\t\t\t\t\t\t<p>Die Firmenphilosophie des VERBUNDWERK.s besteht im Aufgreifen der \u201eBauhaus-Idee\u201c, dass unterschiedliche Gewerke in einem Zusammenhang stehen, sich gegenseitig befruchten und es so zu internen als auch externen Synergien kommt. Der hohe qualitative Anspruch, das Bestreben nach der Langlebigkeit, als auch Nachhaltigkeit der WERKE, der Kundenservice, in Form von ausf\u00fchrlicher Beratung und Information, sind die wesentlichen Elemente der Firmenphilosophie.<\/p>\t\t\t\t\t\t\t\t<\/div>\n\t\t\t\t<\/div>\n\t\t\t\t\t<\/div>\n\t\t<\/div>\n\t\t\t\t\t<\/div>\n\t\t<\/section>\n\t\t\t\t<section class=\"elementor-section elementor-top-section elementor-element elementor-element-4527d39 elementor-section-stretched elementor-section-boxed elementor-section-height-default elementor-section-height-default\" data-id=\"4527d39\" data-element_type=\"section\" data-e-type=\"section\" data-settings=\"{&quot;jet_parallax_layout_list&quot;:[],&quot;stretch_section&quot;:&quot;section-stretched&quot;}\">\n\t\t\t\t\t\t<div class=\"elementor-container elementor-column-gap-default\">\n\t\t\t\t\t<div class=\"elementor-column elementor-col-100 elementor-top-column elementor-element elementor-element-0096417\" data-id=\"0096417\" data-element_type=\"column\" data-e-type=\"column\">\n\t\t\t<div class=\"elementor-widget-wrap elementor-element-populated\">\n\t\t\t\t\t\t<div class=\"elementor-element elementor-element-698b5a5 elementor-invisible elementor-widget elementor-widget-text-editor\" data-id=\"698b5a5\" data-element_type=\"widget\" data-e-type=\"widget\" data-settings=\"{&quot;_animation&quot;:&quot;fadeInLeft&quot;}\" data-widget_type=\"text-editor.default\">\n\t\t\t\t<div class=\"elementor-widget-container\">\n\t\t\t\t\t\t\t\t\t<p>Besonders gro\u00dfen Wert lege ich darauf, dass jedes WERK meinen hohen Anspr\u00fcchen in seiner Ausf\u00fchrung gerecht wird. Die Entwicklung von Ideen und deren Realisierung ist ein fortlaufender Prozess ohne Stillstand.<\/p>\t\t\t\t\t\t\t\t<\/div>\n\t\t\t\t<\/div>\n\t\t\t\t\t<\/div>\n\t\t<\/div>\n\t\t\t\t\t<\/div>\n\t\t<\/section>\n\t\t\t\t<section class=\"elementor-section elementor-top-section elementor-element elementor-element-a08e83d elementor-section-stretched elementor-section-boxed elementor-section-height-default elementor-section-height-default\" data-id=\"a08e83d\" data-element_type=\"section\" data-e-type=\"section\" data-settings=\"{&quot;jet_parallax_layout_list&quot;:[],&quot;stretch_section&quot;:&quot;section-stretched&quot;}\">\n\t\t\t\t\t\t<div class=\"elementor-container elementor-column-gap-default\">\n\t\t\t\t\t<div class=\"elementor-column elementor-col-100 elementor-top-column elementor-element elementor-element-3288bd5\" data-id=\"3288bd5\" data-element_type=\"column\" data-e-type=\"column\">\n\t\t\t<div class=\"elementor-widget-wrap elementor-element-populated\">\n\t\t\t\t\t\t<div class=\"elementor-element elementor-element-4ea8abb elementor-invisible elementor-widget elementor-widget-text-editor\" data-id=\"4ea8abb\" data-element_type=\"widget\" data-e-type=\"widget\" data-settings=\"{&quot;_animation&quot;:&quot;fadeInRight&quot;}\" data-widget_type=\"text-editor.default\">\n\t\t\t\t<div class=\"elementor-widget-container\">\n\t\t\t\t\t\t\t\t\t<p>Stetig werde ich daran arbeiten, dass sich das VERBUNDWERK. nicht auf seinen \u201eLorbeeren\u201c ausruht, sondern versucht das Gute noch besser zu machen.<\/p>\t\t\t\t\t\t\t\t<\/div>\n\t\t\t\t<\/div>\n\t\t\t\t\t<\/div>\n\t\t<\/div>\n\t\t\t\t\t<\/div>\n\t\t<\/section>\n\t\t\t\t<section class=\"elementor-section elementor-top-section elementor-element elementor-element-0f2de9a elementor-section-stretched elementor-section-boxed elementor-section-height-default elementor-section-height-default\" data-id=\"0f2de9a\" data-element_type=\"section\" data-e-type=\"section\" data-settings=\"{&quot;jet_parallax_layout_list&quot;:[],&quot;stretch_section&quot;:&quot;section-stretched&quot;}\">\n\t\t\t\t\t\t<div class=\"elementor-container elementor-column-gap-default\">\n\t\t\t\t\t<div class=\"elementor-column elementor-col-50 elementor-top-column elementor-element elementor-element-5e83765\" data-id=\"5e83765\" data-element_type=\"column\" data-e-type=\"column\">\n\t\t\t<div class=\"elementor-widget-wrap elementor-element-populated\">\n\t\t\t\t\t\t<div class=\"elementor-element elementor-element-f41da6d elementor-invisible elementor-widget elementor-widget-image\" data-id=\"f41da6d\" data-element_type=\"widget\" data-e-type=\"widget\" data-settings=\"{&quot;_animation&quot;:&quot;fadeInUp&quot;}\" data-widget_type=\"image.default\">\n\t\t\t\t<div class=\"elementor-widget-container\">\n\t\t\t\t\t\t\t\t\t\t\t\t\t\t\t<img fetchpriority=\"high\" decoding=\"async\" width=\"142\" height=\"1024\" src=\"https:\/\/verbund-werk.de\/wp-content\/uploads\/2022\/06\/Name_Olaf_Kossakowsk_grau_2-142x1024.png\" class=\"attachment-large size-large wp-image-940\" alt=\"\" \/>\t\t\t\t\t\t\t\t\t\t\t\t\t\t\t<\/div>\n\t\t\t\t<\/div>\n\t\t\t\t\t<\/div>\n\t\t<\/div>\n\t\t\t\t<div class=\"elementor-column elementor-col-50 elementor-top-column elementor-element elementor-element-3382787\" data-id=\"3382787\" data-element_type=\"column\" data-e-type=\"column\">\n\t\t\t<div class=\"elementor-widget-wrap elementor-element-populated\">\n\t\t\t\t\t\t<div class=\"elementor-element elementor-element-c827dfe elementor-invisible elementor-widget elementor-widget-image\" data-id=\"c827dfe\" data-element_type=\"widget\" data-e-type=\"widget\" data-settings=\"{&quot;_animation&quot;:&quot;fadeInUp&quot;,&quot;_animation_delay&quot;:400}\" data-widget_type=\"image.default\">\n\t\t\t\t<div class=\"elementor-widget-container\">\n\t\t\t\t\t\t\t\t\t\t\t\t\t\t\t<img decoding=\"async\" width=\"800\" height=\"800\" src=\"https:\/\/verbund-werk.de\/wp-content\/uploads\/2022\/06\/2022_VERBUNDWERK_Profilfoto-1024x1024.jpg\" class=\"attachment-large size-large wp-image-200\" alt=\"Profilfoto Verbundwerk.\" srcset=\"https:\/\/verbund-werk.de\/wp-content\/uploads\/2022\/06\/2022_VERBUNDWERK_Profilfoto-1024x1024.jpg 1024w, https:\/\/verbund-werk.de\/wp-content\/uploads\/2022\/06\/2022_VERBUNDWERK_Profilfoto-300x300.jpg 300w, https:\/\/verbund-werk.de\/wp-content\/uploads\/2022\/06\/2022_VERBUNDWERK_Profilfoto-150x150.jpg 150w, https:\/\/verbund-werk.de\/wp-content\/uploads\/2022\/06\/2022_VERBUNDWERK_Profilfoto-768x768.jpg 768w, https:\/\/verbund-werk.de\/wp-content\/uploads\/2022\/06\/2022_VERBUNDWERK_Profilfoto.jpg 1181w\" sizes=\"(max-width: 800px) 100vw, 800px\" \/>\t\t\t\t\t\t\t\t\t\t\t\t\t\t\t<\/div>\n\t\t\t\t<\/div>\n\t\t\t\t\t<\/div>\n\t\t<\/div>\n\t\t\t\t\t<\/div>\n\t\t<\/section>\n\t\t\t\t<\/div>\n\t\t","protected":false},"excerpt":{"rendered":"<p>FIRMEN&nbsp;PHILOSOPHIE Das angestrebte Ziel ist die Perfektion. Dies ist mein Anspruch. Die Firmenphilosophie des VERBUNDWERK.s besteht im Aufgreifen der \u201eBauhaus-Idee\u201c, dass unterschiedliche Gewerke in einem Zusammenhang stehen, sich gegenseitig befruchten und es so zu internen als auch externen Synergien kommt. Der hohe qualitative Anspruch, das Bestreben nach der Langlebigkeit, als auch Nachhaltigkeit der WERKE, der [&hellip;]<\/p>\n","protected":false},"author":1,"featured_media":844,"parent":0,"menu_order":0,"comment_status":"closed","ping_status":"closed","template":"","meta":{"footnotes":""},"class_list":["post-196","page","type-page","status-publish","has-post-thumbnail","hentry"],"yoast_head":"<!-- This site is optimized with the Yoast SEO plugin v26.9 - https:\/\/yoast.com\/product\/yoast-seo-wordpress\/ -->\n<title>FIRMENPHILOSOPHIE &#187; Verbundwerk.<\/title>\n<meta name=\"description\" content=\"Die Firmenphilosophie des VERBUNDWERK.s besteht im Aufgreifen der \u201eBauhaus-Idee\u201c, dass unterschiedliche Gewerke in einem Zusammenhang stehen.\" \/>\n<meta name=\"robots\" content=\"index, follow, max-snippet:-1, max-image-preview:large, max-video-preview:-1\" \/>\n<link rel=\"canonical\" href=\"https:\/\/verbund-werk.de\/index.php\/firmenphilosophie\/\" \/>\n<meta property=\"og:locale\" content=\"de_DE\" \/>\n<meta property=\"og:type\" content=\"article\" \/>\n<meta property=\"og:title\" content=\"FIRMENPHILOSOPHIE &#187; Verbundwerk.\" \/>\n<meta property=\"og:description\" content=\"Die Firmenphilosophie des VERBUNDWERK.s besteht im Aufgreifen der \u201eBauhaus-Idee\u201c, dass unterschiedliche Gewerke in einem Zusammenhang stehen.\" \/>\n<meta property=\"og:url\" content=\"https:\/\/verbund-werk.de\/index.php\/firmenphilosophie\/\" \/>\n<meta property=\"og:site_name\" content=\"Verbundwerk.\" \/>\n<meta property=\"article:modified_time\" content=\"2022-07-01T08:07:44+00:00\" \/>\n<meta property=\"og:image\" content=\"https:\/\/verbund-werk.de\/wp-content\/uploads\/2022\/06\/2022_BILD_Firmenphilosophie.jpg\" \/>\n\t<meta property=\"og:image:width\" content=\"1980\" \/>\n\t<meta property=\"og:image:height\" content=\"900\" \/>\n\t<meta property=\"og:image:type\" content=\"image\/jpeg\" \/>\n<meta name=\"twitter:card\" content=\"summary_large_image\" \/>\n<meta name=\"twitter:label1\" content=\"Gesch\u00e4tzte Lesezeit\" \/>\n\t<meta name=\"twitter:data1\" content=\"2\u00a0Minuten\" \/>\n<script type=\"application\/ld+json\" class=\"yoast-schema-graph\">{\"@context\":\"https:\/\/schema.org\",\"@graph\":[{\"@type\":\"WebPage\",\"@id\":\"https:\/\/verbund-werk.de\/index.php\/firmenphilosophie\/\",\"url\":\"https:\/\/verbund-werk.de\/index.php\/firmenphilosophie\/\",\"name\":\"FIRMENPHILOSOPHIE &#187; Verbundwerk.\",\"isPartOf\":{\"@id\":\"https:\/\/verbund-werk.de\/#website\"},\"primaryImageOfPage\":{\"@id\":\"https:\/\/verbund-werk.de\/index.php\/firmenphilosophie\/#primaryimage\"},\"image\":{\"@id\":\"https:\/\/verbund-werk.de\/index.php\/firmenphilosophie\/#primaryimage\"},\"thumbnailUrl\":\"https:\/\/verbund-werk.de\/wp-content\/uploads\/2022\/06\/2022_BILD_Firmenphilosophie.jpg\",\"datePublished\":\"2022-06-13T21:21:43+00:00\",\"dateModified\":\"2022-07-01T08:07:44+00:00\",\"description\":\"Die Firmenphilosophie des VERBUNDWERK.s besteht im Aufgreifen der \u201eBauhaus-Idee\u201c, dass unterschiedliche Gewerke in einem Zusammenhang stehen.\",\"breadcrumb\":{\"@id\":\"https:\/\/verbund-werk.de\/index.php\/firmenphilosophie\/#breadcrumb\"},\"inLanguage\":\"de\",\"potentialAction\":[{\"@type\":\"ReadAction\",\"target\":[\"https:\/\/verbund-werk.de\/index.php\/firmenphilosophie\/\"]}]},{\"@type\":\"ImageObject\",\"inLanguage\":\"de\",\"@id\":\"https:\/\/verbund-werk.de\/index.php\/firmenphilosophie\/#primaryimage\",\"url\":\"https:\/\/verbund-werk.de\/wp-content\/uploads\/2022\/06\/2022_BILD_Firmenphilosophie.jpg\",\"contentUrl\":\"https:\/\/verbund-werk.de\/wp-content\/uploads\/2022\/06\/2022_BILD_Firmenphilosophie.jpg\",\"width\":1980,\"height\":900},{\"@type\":\"BreadcrumbList\",\"@id\":\"https:\/\/verbund-werk.de\/index.php\/firmenphilosophie\/#breadcrumb\",\"itemListElement\":[{\"@type\":\"ListItem\",\"position\":1,\"name\":\"Startseite\",\"item\":\"https:\/\/verbund-werk.de\/\"},{\"@type\":\"ListItem\",\"position\":2,\"name\":\"FIRMENPHILOSOPHIE\"}]},{\"@type\":\"WebSite\",\"@id\":\"https:\/\/verbund-werk.de\/#website\",\"url\":\"https:\/\/verbund-werk.de\/\",\"name\":\"Verbundwerk.\",\"description\":\"\",\"publisher\":{\"@id\":\"https:\/\/verbund-werk.de\/#organization\"},\"potentialAction\":[{\"@type\":\"SearchAction\",\"target\":{\"@type\":\"EntryPoint\",\"urlTemplate\":\"https:\/\/verbund-werk.de\/?s={search_term_string}\"},\"query-input\":{\"@type\":\"PropertyValueSpecification\",\"valueRequired\":true,\"valueName\":\"search_term_string\"}}],\"inLanguage\":\"de\"},{\"@type\":\"Organization\",\"@id\":\"https:\/\/verbund-werk.de\/#organization\",\"name\":\"VERBUNDWERK.\",\"url\":\"https:\/\/verbund-werk.de\/\",\"logo\":{\"@type\":\"ImageObject\",\"inLanguage\":\"de\",\"@id\":\"https:\/\/verbund-werk.de\/#\/schema\/logo\/image\/\",\"url\":\"http:\/\/verbund-werk.de\/wp-content\/uploads\/2022\/06\/2022_Logo_2000px.png\",\"contentUrl\":\"http:\/\/verbund-werk.de\/wp-content\/uploads\/2022\/06\/2022_Logo_2000px.png\",\"width\":2000,\"height\":292,\"caption\":\"VERBUNDWERK.\"},\"image\":{\"@id\":\"https:\/\/verbund-werk.de\/#\/schema\/logo\/image\/\"}}]}<\/script>\n<!-- \/ Yoast SEO plugin. -->","yoast_head_json":{"title":"FIRMENPHILOSOPHIE &#187; Verbundwerk.","description":"Die Firmenphilosophie des VERBUNDWERK.s besteht im Aufgreifen der \u201eBauhaus-Idee\u201c, dass unterschiedliche Gewerke in einem Zusammenhang stehen.","robots":{"index":"index","follow":"follow","max-snippet":"max-snippet:-1","max-image-preview":"max-image-preview:large","max-video-preview":"max-video-preview:-1"},"canonical":"https:\/\/verbund-werk.de\/index.php\/firmenphilosophie\/","og_locale":"de_DE","og_type":"article","og_title":"FIRMENPHILOSOPHIE &#187; Verbundwerk.","og_description":"Die Firmenphilosophie des VERBUNDWERK.s besteht im Aufgreifen der \u201eBauhaus-Idee\u201c, dass unterschiedliche Gewerke in einem Zusammenhang stehen.","og_url":"https:\/\/verbund-werk.de\/index.php\/firmenphilosophie\/","og_site_name":"Verbundwerk.","article_modified_time":"2022-07-01T08:07:44+00:00","og_image":[{"width":1980,"height":900,"url":"https:\/\/verbund-werk.de\/wp-content\/uploads\/2022\/06\/2022_BILD_Firmenphilosophie.jpg","type":"image\/jpeg"}],"twitter_card":"summary_large_image","twitter_misc":{"Gesch\u00e4tzte Lesezeit":"2\u00a0Minuten"},"schema":{"@context":"https:\/\/schema.org","@graph":[{"@type":"WebPage","@id":"https:\/\/verbund-werk.de\/index.php\/firmenphilosophie\/","url":"https:\/\/verbund-werk.de\/index.php\/firmenphilosophie\/","name":"FIRMENPHILOSOPHIE &#187; Verbundwerk.","isPartOf":{"@id":"https:\/\/verbund-werk.de\/#website"},"primaryImageOfPage":{"@id":"https:\/\/verbund-werk.de\/index.php\/firmenphilosophie\/#primaryimage"},"image":{"@id":"https:\/\/verbund-werk.de\/index.php\/firmenphilosophie\/#primaryimage"},"thumbnailUrl":"https:\/\/verbund-werk.de\/wp-content\/uploads\/2022\/06\/2022_BILD_Firmenphilosophie.jpg","datePublished":"2022-06-13T21:21:43+00:00","dateModified":"2022-07-01T08:07:44+00:00","description":"Die Firmenphilosophie des VERBUNDWERK.s besteht im Aufgreifen der \u201eBauhaus-Idee\u201c, dass unterschiedliche Gewerke in einem Zusammenhang stehen.","breadcrumb":{"@id":"https:\/\/verbund-werk.de\/index.php\/firmenphilosophie\/#breadcrumb"},"inLanguage":"de","potentialAction":[{"@type":"ReadAction","target":["https:\/\/verbund-werk.de\/index.php\/firmenphilosophie\/"]}]},{"@type":"ImageObject","inLanguage":"de","@id":"https:\/\/verbund-werk.de\/index.php\/firmenphilosophie\/#primaryimage","url":"https:\/\/verbund-werk.de\/wp-content\/uploads\/2022\/06\/2022_BILD_Firmenphilosophie.jpg","contentUrl":"https:\/\/verbund-werk.de\/wp-content\/uploads\/2022\/06\/2022_BILD_Firmenphilosophie.jpg","width":1980,"height":900},{"@type":"BreadcrumbList","@id":"https:\/\/verbund-werk.de\/index.php\/firmenphilosophie\/#breadcrumb","itemListElement":[{"@type":"ListItem","position":1,"name":"Startseite","item":"https:\/\/verbund-werk.de\/"},{"@type":"ListItem","position":2,"name":"FIRMENPHILOSOPHIE"}]},{"@type":"WebSite","@id":"https:\/\/verbund-werk.de\/#website","url":"https:\/\/verbund-werk.de\/","name":"Verbundwerk.","description":"","publisher":{"@id":"https:\/\/verbund-werk.de\/#organization"},"potentialAction":[{"@type":"SearchAction","target":{"@type":"EntryPoint","urlTemplate":"https:\/\/verbund-werk.de\/?s={search_term_string}"},"query-input":{"@type":"PropertyValueSpecification","valueRequired":true,"valueName":"search_term_string"}}],"inLanguage":"de"},{"@type":"Organization","@id":"https:\/\/verbund-werk.de\/#organization","name":"VERBUNDWERK.","url":"https:\/\/verbund-werk.de\/","logo":{"@type":"ImageObject","inLanguage":"de","@id":"https:\/\/verbund-werk.de\/#\/schema\/logo\/image\/","url":"http:\/\/verbund-werk.de\/wp-content\/uploads\/2022\/06\/2022_Logo_2000px.png","contentUrl":"http:\/\/verbund-werk.de\/wp-content\/uploads\/2022\/06\/2022_Logo_2000px.png","width":2000,"height":292,"caption":"VERBUNDWERK."},"image":{"@id":"https:\/\/verbund-werk.de\/#\/schema\/logo\/image\/"}}]}},"_links":{"self":[{"href":"https:\/\/verbund-werk.de\/index.php\/wp-json\/wp\/v2\/pages\/196","targetHints":{"allow":["GET"]}}],"collection":[{"href":"https:\/\/verbund-werk.de\/index.php\/wp-json\/wp\/v2\/pages"}],"about":[{"href":"https:\/\/verbund-werk.de\/index.php\/wp-json\/wp\/v2\/types\/page"}],"author":[{"embeddable":true,"href":"https:\/\/verbund-werk.de\/index.php\/wp-json\/wp\/v2\/users\/1"}],"replies":[{"embeddable":true,"href":"https:\/\/verbund-werk.de\/index.php\/wp-json\/wp\/v2\/comments?post=196"}],"version-history":[{"count":76,"href":"https:\/\/verbund-werk.de\/index.php\/wp-json\/wp\/v2\/pages\/196\/revisions"}],"predecessor-version":[{"id":1112,"href":"https:\/\/verbund-werk.de\/index.php\/wp-json\/wp\/v2\/pages\/196\/revisions\/1112"}],"wp:featuredmedia":[{"embeddable":true,"href":"https:\/\/verbund-werk.de\/index.php\/wp-json\/wp\/v2\/media\/844"}],"wp:attachment":[{"href":"https:\/\/verbund-werk.de\/index.php\/wp-json\/wp\/v2\/media?parent=196"}],"curies":[{"name":"wp","href":"https:\/\/api.w.org\/{rel}","templated":true}]}}